{"id":29,"date":"2014-12-27T13:47:10","date_gmt":"2014-12-27T13:47:10","guid":{"rendered":"http:\/\/holzhandel-winterthur.ch\/saege\/?page_id=29"},"modified":"2014-12-30T11:28:14","modified_gmt":"2014-12-30T11:28:14","slug":"kirsche","status":"publish","type":"page","link":"http:\/\/holzhandel-winterthur.ch\/?page_id=29","title":{"rendered":"Kirsche"},"content":{"rendered":"<p><strong>Einheimischer Kirschbaum<\/strong><\/p>\n<hr \/>\n<p><span style=\"color: #800000;\">Verkauf: Brettweisse<\/span><\/p>\n<p>Preis pro Brett: 100 CHF<br \/>\nUngef\u00e4hre Masse: L\u00e4nge ca. 300 cm, Dicke 50 mm, Breite ca. 40 cm<\/p>\n<p>Preis pro Brett: 40 CHF<br \/>\nUngef\u00e4hre Masse: L\u00e4nge ca. 250 cm, Dicke 30 mm, Breite ca. 30 cm<\/p>\n<hr \/>\n<p><span style=\"color: #800000;\">Verkauf: Stammweisse<\/span><\/p>\n<p>Preise ab 400 CHF<\/p>\n<hr \/>\n<div id='gallery-1' class='gallery galleryid-29 gallery-columns-3 gallery-size-thumbnail'><figure class='gallery-item'>\n\t\t\t<div class='gallery-icon portrait'>\n\t\t\t\t<a href='http:\/\/holzhandel-winterthur.ch\/?attachment_id=87'><img width=\"150\" height=\"150\" src=\"http:\/\/holzhandel-winterthur.ch\/wp-content\/uploads\/2014\/12\/IMG_1476-e1419692886476-150x150.jpg\" class=\"attachment-thumbnail size-thumbnail\" alt=\"Kirschbaum\" decoding=\"async\" loading=\"lazy\" aria-describedby=\"gallery-1-87\" \/><\/a>\n\t\t\t<\/div>\n\t\t\t\t<figcaption class='wp-caption-text gallery-caption' id='gallery-1-87'>\n\t\t\t\tKirschbaum\n\t\t\t\t<\/figcaption><\/figure><figure class='gallery-item'>\n\t\t\t<div class='gallery-icon portrait'>\n\t\t\t\t<a href='http:\/\/holzhandel-winterthur.ch\/?attachment_id=86'><img width=\"150\" height=\"150\" src=\"http:\/\/holzhandel-winterthur.ch\/wp-content\/uploads\/2014\/12\/IMG_1472-e1419692895824-150x150.jpg\" class=\"attachment-thumbnail size-thumbnail\" alt=\"Kirschbaum\" decoding=\"async\" loading=\"lazy\" aria-describedby=\"gallery-1-86\" \/><\/a>\n\t\t\t<\/div>\n\t\t\t\t<figcaption class='wp-caption-text gallery-caption' id='gallery-1-86'>\n\t\t\t\tKirschbaum\n\t\t\t\t<\/figcaption><\/figure><figure class='gallery-item'>\n\t\t\t<div class='gallery-icon portrait'>\n\t\t\t\t<a href='http:\/\/holzhandel-winterthur.ch\/?attachment_id=85'><img width=\"150\" height=\"150\" src=\"http:\/\/holzhandel-winterthur.ch\/wp-content\/uploads\/2014\/12\/Kirschbaum_1-150x150.jpg\" class=\"attachment-thumbnail size-thumbnail\" alt=\"Kirschbaum\" decoding=\"async\" loading=\"lazy\" aria-describedby=\"gallery-1-85\" \/><\/a>\n\t\t\t<\/div>\n\t\t\t\t<figcaption class='wp-caption-text gallery-caption' id='gallery-1-85'>\n\t\t\t\tKirschbaum\n\t\t\t\t<\/figcaption><\/figure>\n\t\t<\/div>\n\n","protected":false},"excerpt":{"rendered":"<p>Einheimischer Kirschbaum Verkauf: Brettweisse Preis pro Brett: 100 CHF Ungef\u00e4hre Masse: L\u00e4nge ca. 300 cm, Dicke 50 mm, Breite ca. 40 cm Preis pro Brett: 40 CHF Ungef\u00e4hre Masse: L\u00e4nge ca. 250 cm, Dicke 30 mm, Breite ca. 30 cm Verkauf: Stammweisse Preise ab 400 CHF<\/p>\n","protected":false},"author":1,"featured_media":0,"parent":0,"menu_order":0,"comment_status":"closed","ping_status":"closed","template":"","meta":[],"_links":{"self":[{"href":"http:\/\/holzhandel-winterthur.ch\/index.php?rest_route=\/wp\/v2\/pages\/29"}],"collection":[{"href":"http:\/\/holzhandel-winterthur.ch\/index.php?rest_route=\/wp\/v2\/pages"}],"about":[{"href":"http:\/\/holzhandel-winterthur.ch\/index.php?rest_route=\/wp\/v2\/types\/page"}],"author":[{"embeddable":true,"href":"http:\/\/holzhandel-winterthur.ch\/index.php?rest_route=\/wp\/v2\/users\/1"}],"replies":[{"embeddable":true,"href":"http:\/\/holzhandel-winterthur.ch\/index.php?rest_route=%2Fwp%2Fv2%2Fcomments&post=29"}],"version-history":[{"count":10,"href":"http:\/\/holzhandel-winterthur.ch\/index.php?rest_route=\/wp\/v2\/pages\/29\/revisions"}],"predecessor-version":[{"id":194,"href":"http:\/\/holzhandel-winterthur.ch\/index.php?rest_route=\/wp\/v2\/pages\/29\/revisions\/194"}],"wp:attachment":[{"href":"http:\/\/holzhandel-winterthur.ch\/index.php?rest_route=%2Fwp%2Fv2%2Fmedia&parent=29"}],"curies":[{"name":"wp","href":"https:\/\/api.w.org\/{rel}","templated":true}]}}