{"id":27,"date":"2014-12-27T13:46:48","date_gmt":"2014-12-27T13:46:48","guid":{"rendered":"http:\/\/holzhandel-winterthur.ch\/saege\/?page_id=27"},"modified":"2021-03-05T03:00:45","modified_gmt":"2021-03-05T03:00:45","slug":"nussbaum","status":"publish","type":"page","link":"http:\/\/holzhandel-winterthur.ch\/?page_id=27","title":{"rendered":"Nussbaum"},"content":{"rendered":"<p><strong>Einheimischer europ\u00e4ischer Nussbaum (natur)<\/strong><\/p>\n<hr \/>\n<p><span style=\"color: #800000;\">Verkauf: Brettweisse<\/span><\/p>\n<p>Preis pro Brett: ca. 200 bis 300Chf<br \/>\nUngef\u00e4hre Masse: Dicke 50 mm, Breite ca. 40 cm+, L\u00e4nge ca. 3 m<\/p>\n<p>Preis pro Brett: 80 CHF<br \/>\nUngef\u00e4hre Masse: Dicke 32 mm, Breite ca. 30 cm, L\u00e4nge ca. 2,5 m<\/p>\n<hr \/>\n<p><span style=\"color: #800000;\">Verkauf: Stammweisse<\/span><\/p>\n<p>Preis je nach Gr\u00f6\u00dfe ab ca. 600 CHF<\/p>\n<hr \/>\n<p><strong>Die H\u00f6lzer sind lufttrocken<\/strong><\/p>\n<div id='gallery-1' class='gallery galleryid-27 gallery-columns-3 gallery-size-thumbnail'><figure class='gallery-item'>\n\t\t\t<div class='gallery-icon portrait'>\n\t\t\t\t<a href='http:\/\/holzhandel-winterthur.ch\/?attachment_id=79'><img width=\"150\" height=\"150\" src=\"http:\/\/holzhandel-winterthur.ch\/wp-content\/uploads\/2014\/12\/Nussbaum_3-150x150.jpg\" class=\"attachment-thumbnail size-thumbnail\" alt=\"Nussbaum\" decoding=\"async\" loading=\"lazy\" aria-describedby=\"gallery-1-79\" \/><\/a>\n\t\t\t<\/div>\n\t\t\t\t<figcaption class='wp-caption-text gallery-caption' id='gallery-1-79'>\n\t\t\t\tNussbaum\n\t\t\t\t<\/figcaption><\/figure><figure class='gallery-item'>\n\t\t\t<div class='gallery-icon portrait'>\n\t\t\t\t<a href='http:\/\/holzhandel-winterthur.ch\/?attachment_id=78'><img width=\"150\" height=\"150\" src=\"http:\/\/holzhandel-winterthur.ch\/wp-content\/uploads\/2014\/12\/Nussbaum_2-150x150.jpg\" class=\"attachment-thumbnail size-thumbnail\" alt=\"Nussbaum\" decoding=\"async\" loading=\"lazy\" aria-describedby=\"gallery-1-78\" \/><\/a>\n\t\t\t<\/div>\n\t\t\t\t<figcaption class='wp-caption-text gallery-caption' id='gallery-1-78'>\n\t\t\t\tNussbaum\n\t\t\t\t<\/figcaption><\/figure><figure class='gallery-item'>\n\t\t\t<div class='gallery-icon portrait'>\n\t\t\t\t<a href='http:\/\/holzhandel-winterthur.ch\/?attachment_id=77'><img width=\"150\" height=\"150\" src=\"http:\/\/holzhandel-winterthur.ch\/wp-content\/uploads\/2014\/12\/Nussbaum_1-150x150.jpg\" class=\"attachment-thumbnail size-thumbnail\" alt=\"Nussbaum\" decoding=\"async\" loading=\"lazy\" aria-describedby=\"gallery-1-77\" \/><\/a>\n\t\t\t<\/div>\n\t\t\t\t<figcaption class='wp-caption-text gallery-caption' id='gallery-1-77'>\n\t\t\t\tNussbaum\n\t\t\t\t<\/figcaption><\/figure>\n\t\t<\/div>\n\n<p><code>\u00a0<\/code><\/p>\n","protected":false},"excerpt":{"rendered":"<p>Einheimischer europ\u00e4ischer Nussbaum (natur) Verkauf: Brettweisse Preis pro Brett: ca. 200 bis 300Chf Ungef\u00e4hre Masse: Dicke 50 mm, Breite ca. 40 cm+, L\u00e4nge ca. 3 m Preis pro Brett: 80 CHF Ungef\u00e4hre Masse: Dicke 32 mm, Breite ca. 30 cm, L\u00e4nge ca. 2,5 m Verkauf: Stammweisse Preis je nach Gr\u00f6\u00dfe ab ca. 600 CHF Die &hellip; <a href=\"http:\/\/holzhandel-winterthur.ch\/?page_id=27\" class=\"more-link\"><span class=\"screen-reader-text\">Nussbaum<\/span> weiterlesen<\/a><\/p>\n","protected":false},"author":1,"featured_media":0,"parent":0,"menu_order":0,"comment_status":"closed","ping_status":"closed","template":"","meta":[],"_links":{"self":[{"href":"http:\/\/holzhandel-winterthur.ch\/index.php?rest_route=\/wp\/v2\/pages\/27"}],"collection":[{"href":"http:\/\/holzhandel-winterthur.ch\/index.php?rest_route=\/wp\/v2\/pages"}],"about":[{"href":"http:\/\/holzhandel-winterthur.ch\/index.php?rest_route=\/wp\/v2\/types\/page"}],"author":[{"embeddable":true,"href":"http:\/\/holzhandel-winterthur.ch\/index.php?rest_route=\/wp\/v2\/users\/1"}],"replies":[{"embeddable":true,"href":"http:\/\/holzhandel-winterthur.ch\/index.php?rest_route=%2Fwp%2Fv2%2Fcomments&post=27"}],"version-history":[{"count":15,"href":"http:\/\/holzhandel-winterthur.ch\/index.php?rest_route=\/wp\/v2\/pages\/27\/revisions"}],"predecessor-version":[{"id":271,"href":"http:\/\/holzhandel-winterthur.ch\/index.php?rest_route=\/wp\/v2\/pages\/27\/revisions\/271"}],"wp:attachment":[{"href":"http:\/\/holzhandel-winterthur.ch\/index.php?rest_route=%2Fwp%2Fv2%2Fmedia&parent=27"}],"curies":[{"name":"wp","href":"https:\/\/api.w.org\/{rel}","templated":true}]}}